{"id":19,"date":"2024-05-14T07:48:42","date_gmt":"2024-05-14T07:48:42","guid":{"rendered":"http:\/\/fatsa3noluasm.com\/?page_id=19"},"modified":"2024-05-14T07:48:42","modified_gmt":"2024-05-14T07:48:42","slug":"hizmet-standartlari","status":"publish","type":"page","link":"http:\/\/fatsa3noluasm.com\/?page_id=19","title":{"rendered":"Hizmet Standartlar\u0131"},"content":{"rendered":"\n<div class=\"wp-block-group alignfull\" style=\"padding-top:var(--wp--preset--spacing--50);padding-right:var(--wp--preset--spacing--50);padding-bottom:var(--wp--preset--spacing--50);padding-left:var(--wp--preset--spacing--50)\"><div class=\"wp-block-group__inner-container is-layout-constrained wp-container-core-group-is-layout-f4d13f5d wp-block-group-is-layout-constrained\">\n<div class=\"wp-block-group\"><div class=\"wp-block-group__inner-container is-layout-constrained wp-container-core-group-is-layout-04692c70 wp-block-group-is-layout-constrained\">\n<h1 class=\"wp-block-heading has-text-align-center has-x-large-font-size\"><\/h1>\n\n\n\n<div style=\"height:1.25rem\" aria-hidden=\"true\" class=\"wp-block-spacer\"><\/div>\n\n\n\n<figure class=\"wp-block-table\"><table><tbody><tr><td><strong>SIRA NO<\/strong><\/td><td><strong>H\u0130ZMET\u0130N ADI<\/strong><\/td><td><strong>BA\u015eVURUDA \u0130STENEN BELGELER<\/strong><\/td><td><strong>H\u0130ZMET\u0130N TAMAMLANMA S\u00dcRES\u0130 (EN GE\u00c7)<\/strong><\/td><\/tr><tr><td>1<\/td><td>Hekim Se\u00e7me (\u0130lk Kay\u0131t)<\/td><td>T.C.Kimlik Numaras\u0131<\/td><td>30 DAK\u0130KA<\/td><\/tr><tr><td>2<\/td><td>Hekim Se\u00e7me (Hekim De\u011fi\u015ftirme)<\/td><td>T.C.Kimlik Numaras\u0131, se\u00e7ilen hekimin ad\u0131 soyad\u0131, dilek\u00e7e<\/td><td>3 \u0130\u015e G\u00dcN\u00dc<\/td><\/tr><tr><td>3<\/td><td>Poliklinik Muayene<\/td><td>T.C.Kimlik Numaras\u0131<\/td><td>30 DAK\u0130KA<\/td><\/tr><tr><td>4<\/td><td>Misafir Hasta Muayenesi<\/td><td>T.C.Kimlik Numaras\u0131<\/td><td>30 DAK\u0130KA<\/td><\/tr><tr><td>5<\/td><td>Sa\u011fl\u0131k Kurumuna Sevk<\/td><td>T.C.Kimlik Numaras\u0131<\/td><td>30 DAK\u0130KA<\/td><\/tr><tr><td>6<\/td><td>K\u00fc\u00e7\u00fck Cerrahi M\u00fcdahale<\/td><td>T.C.Kimlik Numaras\u0131<\/td><td>15 DAK\u0130KA<\/td><\/tr><tr><td>7<\/td><td>Tek Hekim Raporu<\/td><td>T.C.Kimlik Numaras\u0131, dilek\u00e7e, 2 adet foto\u011fraf<\/td><td>30 DAK\u0130KA<\/td><\/tr><tr><td>8<\/td><td>Basit Laboratuar Tetkikleri<\/td><td>T.C.Kimlik Numaras\u0131<\/td><td>30 DAK\u0130KA<\/td><\/tr><tr><td>9<\/td><td>Detayl\u0131 Laboratuar Tetkikleri<\/td><td>T.C.Kimlik Numaras\u0131<\/td><td>1 \u0130\u015e G\u00dcN\u00dc<\/td><\/tr><tr><td>10<\/td><td>Adli \u0130\u015flemler (Otopsi vb.)<\/td><td>Mesai Saatleri D\u0131\u015f\u0131nda<\/td><td>3-4 SAAT<\/td><\/tr><tr><td>11<\/td><td>\u0130zlemler (Bebek, \u00c7ocuk, Kad\u0131n)<\/td><td>T.C.Kimlik Numaras\u0131<\/td><td>15 DAK\u0130KA<\/td><\/tr><tr><td>12<\/td><td>Gezici ve Yerinde Bak\u0131m Sa\u011fl\u0131k Hizmetleri<\/td><td>T.C.Kimlik Numaras\u0131<\/td><td>Y\u00d6NETMEL\u0130KLERE UYGUN S\u00dcRE VE SAYIDA<\/td><\/tr><tr><td>13<\/td><td>Ev Ziyareti<\/td><td>T.C.Kimlik Numaras\u0131<\/td><td>UYGUN ZAMANLARDA 30 DAK\u0130KA<\/td><\/tr><tr><td>14<\/td><td>S\u00fcrekli \u0130la\u00e7 Kulan\u0131m Raporu (AH Uzman\u0131)<\/td><td>T.C.Kimlik Numaras\u0131, tetkikler<\/td><td>\u2014\u2014\u2013<\/td><\/tr><tr><td>15<\/td><td>Ba\u011f\u0131\u015f\u0131klama Faaliyetleri<\/td><td>T.C.Kimlik Numaras\u0131<\/td><td>15 DAK\u0130KA<\/td><\/tr><tr><td>16<\/td><td>Aile Planlamas\u0131 Hizmetleri<\/td><td>T.C.Kimlik Numaras\u0131<\/td><td>15 DAK\u0130KA<\/td><\/tr><tr><td>17<\/td><td>E\u011fitimler (\u00d6rn. Halk Sa\u011fl\u0131\u011f\u0131 E\u011fitimleri)<\/td><td>Belgeye gerek yok(E\u011fer varsa talebin iletilmesi)<\/td><td>UYGUN ZAMANLARDA 30 DAK\u0130KA<\/td><\/tr><tr><td><\/td><td><\/td><td><\/td><td><\/td><\/tr><\/tbody><\/table><\/figure>\n\n\n\n<div style=\"height:1.25rem\" aria-hidden=\"true\" class=\"wp-block-spacer\"><\/div>\n<\/div><\/div>\n\n\n\n<div style=\"height:var(--wp--preset--spacing--30)\" aria-hidden=\"true\" class=\"wp-block-spacer\"><\/div>\n<\/div><\/div>\n","protected":false},"excerpt":{"rendered":"<p>SIRA NO H\u0130ZMET\u0130N ADI BA\u015eVURUDA \u0130STENEN BELGELER H\u0130ZMET\u0130N TAMAMLANMA S\u00dcRES\u0130 (EN GE\u00c7) 1 Hekim Se\u00e7me (\u0130lk Kay\u0131t) T.C.Kimlik Numaras\u0131 30 DAK\u0130KA 2 Hekim Se\u00e7me (Hekim De\u011fi\u015ftirme) T.C.Kimlik Numaras\u0131, se\u00e7ilen hekimin ad\u0131 soyad\u0131, dilek\u00e7e 3&#46;&#46;&#46;<\/p>\n","protected":false},"author":1,"featured_media":0,"parent":0,"menu_order":0,"comment_status":"closed","ping_status":"closed","template":"","meta":{"footnotes":""},"class_list":["post-19","page","type-page","status-publish","hentry"],"_links":{"self":[{"href":"http:\/\/fatsa3noluasm.com\/index.php?rest_route=\/wp\/v2\/pages\/19","targetHints":{"allow":["GET"]}}],"collection":[{"href":"http:\/\/fatsa3noluasm.com\/index.php?rest_route=\/wp\/v2\/pages"}],"about":[{"href":"http:\/\/fatsa3noluasm.com\/index.php?rest_route=\/wp\/v2\/types\/page"}],"author":[{"embeddable":true,"href":"http:\/\/fatsa3noluasm.com\/index.php?rest_route=\/wp\/v2\/users\/1"}],"replies":[{"embeddable":true,"href":"http:\/\/fatsa3noluasm.com\/index.php?rest_route=%2Fwp%2Fv2%2Fcomments&post=19"}],"version-history":[{"count":1,"href":"http:\/\/fatsa3noluasm.com\/index.php?rest_route=\/wp\/v2\/pages\/19\/revisions"}],"predecessor-version":[{"id":20,"href":"http:\/\/fatsa3noluasm.com\/index.php?rest_route=\/wp\/v2\/pages\/19\/revisions\/20"}],"wp:attachment":[{"href":"http:\/\/fatsa3noluasm.com\/index.php?rest_route=%2Fwp%2Fv2%2Fmedia&parent=19"}],"curies":[{"name":"wp","href":"https:\/\/api.w.org\/{rel}","templated":true}]}}