{"id":31,"date":"2024-05-14T08:01:01","date_gmt":"2024-05-14T08:01:01","guid":{"rendered":"http:\/\/fatsa3noluasm.com\/?page_id=31"},"modified":"2025-05-07T19:42:22","modified_gmt":"2025-05-07T19:42:22","slug":"ekibimiz","status":"publish","type":"page","link":"http:\/\/fatsa3noluasm.com\/?page_id=31","title":{"rendered":"EK\u0130B\u0130M\u0130Z"},"content":{"rendered":"\n<div class=\"wp-block-group alignfull\" style=\"margin-top:0;margin-bottom:0;padding-top:var(--wp--preset--spacing--50);padding-right:var(--wp--preset--spacing--50);padding-bottom:var(--wp--preset--spacing--50);padding-left:var(--wp--preset--spacing--50)\"><div class=\"wp-block-group__inner-container is-layout-constrained wp-container-core-group-is-layout-2bafd31c wp-block-group-is-layout-constrained\">\n<div style=\"height:var(--wp--preset--spacing--30)\" aria-hidden=\"true\" class=\"wp-block-spacer\"><\/div>\n\n\n\n<div class=\"wp-block-columns alignwide is-layout-flex wp-container-core-columns-is-layout-d8280152 wp-block-columns-is-layout-flex\" style=\"padding-right:0;padding-left:0\">\n<div class=\"wp-block-column is-layout-flow wp-block-column-is-layout-flow\">\n<figure class=\"wp-block-image size-full is-style-rounded\"><img loading=\"lazy\" decoding=\"async\" width=\"437\" height=\"529\" src=\"http:\/\/fatsa3noluasm.com\/wp-content\/uploads\/2024\/05\/Ekran-goruntusu-2024-05-14-105640.png\" alt=\"\" class=\"wp-image-32\" style=\"aspect-ratio:1;object-fit:cover\" srcset=\"http:\/\/fatsa3noluasm.com\/wp-content\/uploads\/2024\/05\/Ekran-goruntusu-2024-05-14-105640.png 437w, http:\/\/fatsa3noluasm.com\/wp-content\/uploads\/2024\/05\/Ekran-goruntusu-2024-05-14-105640-248x300.png 248w\" sizes=\"auto, (max-width: 437px) 100vw, 437px\" \/><\/figure>\n\n\n\n<div class=\"wp-block-group is-vertical is-content-justification-center is-nowrap is-layout-flex wp-container-core-group-is-layout-d7ec9006 wp-block-group-is-layout-flex\">\n<p class=\"has-text-align-center has-small-font-size\"><strong>52.06.33 Nolu Birim <\/strong><\/p>\n\n\n\n<p class=\"has-text-align-center has-small-font-size\"><strong>Uzm. Dr. Hasan \u00d6zcan Demir<\/strong><\/p>\n\n\n\n<p class=\"has-text-align-center has-small-font-size\">AS\u00c7 Hem\u015fire Nursena ERYILDIZ<\/p>\n<\/div>\n<\/div>\n\n\n\n<div class=\"wp-block-column is-layout-flow wp-block-column-is-layout-flow\">\n<figure class=\"wp-block-image size-full is-style-rounded\"><img loading=\"lazy\" decoding=\"async\" width=\"437\" height=\"529\" src=\"http:\/\/fatsa3noluasm.com\/wp-content\/uploads\/2024\/05\/Ekran-goruntusu-2024-05-14-105640.png\" alt=\"\" class=\"wp-image-32\" style=\"aspect-ratio:1;object-fit:cover\" srcset=\"http:\/\/fatsa3noluasm.com\/wp-content\/uploads\/2024\/05\/Ekran-goruntusu-2024-05-14-105640.png 437w, http:\/\/fatsa3noluasm.com\/wp-content\/uploads\/2024\/05\/Ekran-goruntusu-2024-05-14-105640-248x300.png 248w\" sizes=\"auto, (max-width: 437px) 100vw, 437px\" \/><\/figure>\n\n\n\n<div class=\"wp-block-group is-vertical is-content-justification-center is-nowrap is-layout-flex wp-container-core-group-is-layout-8aeacad7 wp-block-group-is-layout-flex\">\n<p class=\"has-text-align-center has-small-font-size\"><strong>52.06.34 Nolu Birim <\/strong><\/p>\n\n\n\n<p class=\"has-text-align-center has-small-font-size\"><strong>Dr. Erdo\u011fan Y\u00dcKSEL<\/strong><\/p>\n\n\n\n<p class=\"has-text-align-center has-small-font-size\">AS\u00c7 Ebe A. Serpil TONGALO\u011eLU<\/p>\n<\/div>\n<\/div>\n\n\n\n<div class=\"wp-block-column is-layout-flow wp-block-column-is-layout-flow\">\n<figure class=\"wp-block-image size-full is-style-rounded\"><img loading=\"lazy\" decoding=\"async\" width=\"437\" height=\"529\" src=\"http:\/\/fatsa3noluasm.com\/wp-content\/uploads\/2024\/05\/Ekran-goruntusu-2024-05-14-105640.png\" alt=\"\" class=\"wp-image-32\" style=\"aspect-ratio:1;object-fit:cover\" srcset=\"http:\/\/fatsa3noluasm.com\/wp-content\/uploads\/2024\/05\/Ekran-goruntusu-2024-05-14-105640.png 437w, http:\/\/fatsa3noluasm.com\/wp-content\/uploads\/2024\/05\/Ekran-goruntusu-2024-05-14-105640-248x300.png 248w\" sizes=\"auto, (max-width: 437px) 100vw, 437px\" \/><\/figure>\n\n\n\n<div class=\"wp-block-group is-vertical is-content-justification-center is-nowrap is-layout-flex wp-container-core-group-is-layout-8aeacad7 wp-block-group-is-layout-flex\">\n<p class=\"has-text-align-center has-small-font-size\"><strong>52.06.35 Nolu Birim <\/strong><\/p>\n\n\n\n<p class=\"has-text-align-center has-small-font-size\"><strong>Dr. Ali \u015eEN<\/strong><\/p>\n\n\n\n<p class=\"has-text-align-center has-small-font-size\">AS\u00c7 Sa\u011f. Mem. Hanife KELE\u015e<\/p>\n<\/div>\n<\/div>\n\n\n\n<div class=\"wp-block-column is-layout-flow wp-block-column-is-layout-flow\">\n<figure class=\"wp-block-image size-full is-style-rounded\"><img loading=\"lazy\" decoding=\"async\" width=\"437\" height=\"529\" src=\"http:\/\/fatsa3noluasm.com\/wp-content\/uploads\/2024\/05\/Ekran-goruntusu-2024-05-14-105640.png\" alt=\"\" class=\"wp-image-32\" style=\"aspect-ratio:1;object-fit:cover\" srcset=\"http:\/\/fatsa3noluasm.com\/wp-content\/uploads\/2024\/05\/Ekran-goruntusu-2024-05-14-105640.png 437w, http:\/\/fatsa3noluasm.com\/wp-content\/uploads\/2024\/05\/Ekran-goruntusu-2024-05-14-105640-248x300.png 248w\" sizes=\"auto, (max-width: 437px) 100vw, 437px\" \/><\/figure>\n\n\n\n<div class=\"wp-block-group is-vertical is-content-justification-center is-nowrap is-layout-flex wp-container-core-group-is-layout-d7ec9006 wp-block-group-is-layout-flex\">\n<p class=\"has-text-align-center has-small-font-size\"><strong>52.06.40 Nolu Birim <\/strong><\/p>\n\n\n\n<p class=\"has-text-align-center has-small-font-size\"><strong>Dr. Mehmet EFEO\u011eLU<\/strong><\/p>\n\n\n\n<p class=\"has-text-align-center has-small-font-size\">AS\u00c7 Hem\u015fire Ay\u015feg\u00fcl AYDEM\u0130R<\/p>\n<\/div>\n<\/div>\n<\/div>\n<\/div><\/div>\n\n\n\n<div class=\"wp-block-group alignfull has-base-2-background-color has-background\" style=\"margin-top:0;margin-bottom:0;padding-top:var(--wp--preset--spacing--50);padding-right:var(--wp--preset--spacing--50);padding-bottom:var(--wp--preset--spacing--50);padding-left:var(--wp--preset--spacing--50)\"><div class=\"wp-block-group__inner-container is-layout-constrained wp-container-core-group-is-layout-2bafd31c wp-block-group-is-layout-constrained\">\n<div class=\"wp-block-group is-vertical is-content-justification-center is-layout-flex wp-container-core-group-is-layout-7681721f wp-block-group-is-layout-flex\">\n<p><strong>&nbsp;Destek Personelleri&nbsp;<\/strong><\/p>\n\n\n\n<p>Hem\u015fire Demet G\u0130DEN<\/p>\n\n\n\n<p>Hem\u015fire Gonca G\u00fcl YORULMAZ<\/p>\n\n\n\n<p>Havva \u00d6ZGEN<\/p>\n\n\n\n<div style=\"height:0px\" aria-hidden=\"true\" class=\"wp-block-spacer wp-container-content-4f2ccadb\"><\/div>\n<\/div>\n<\/div><\/div>\n","protected":false},"excerpt":{"rendered":"<p>52.06.33 Nolu Birim Uzm. Dr. Hasan \u00d6zcan Demir AS\u00c7 Hem\u015fire Nursena ERYILDIZ 52.06.34 Nolu Birim Dr. Erdo\u011fan Y\u00dcKSEL AS\u00c7 Ebe A. Serpil TONGALO\u011eLU 52.06.35 Nolu Birim Dr. Ali \u015eEN AS\u00c7 Sa\u011f. Mem. Hanife KELE\u015e&#46;&#46;&#46;<\/p>\n","protected":false},"author":1,"featured_media":0,"parent":0,"menu_order":0,"comment_status":"closed","ping_status":"closed","template":"","meta":{"footnotes":""},"class_list":["post-31","page","type-page","status-publish","hentry"],"_links":{"self":[{"href":"http:\/\/fatsa3noluasm.com\/index.php?rest_route=\/wp\/v2\/pages\/31","targetHints":{"allow":["GET"]}}],"collection":[{"href":"http:\/\/fatsa3noluasm.com\/index.php?rest_route=\/wp\/v2\/pages"}],"about":[{"href":"http:\/\/fatsa3noluasm.com\/index.php?rest_route=\/wp\/v2\/types\/page"}],"author":[{"embeddable":true,"href":"http:\/\/fatsa3noluasm.com\/index.php?rest_route=\/wp\/v2\/users\/1"}],"replies":[{"embeddable":true,"href":"http:\/\/fatsa3noluasm.com\/index.php?rest_route=%2Fwp%2Fv2%2Fcomments&post=31"}],"version-history":[{"count":2,"href":"http:\/\/fatsa3noluasm.com\/index.php?rest_route=\/wp\/v2\/pages\/31\/revisions"}],"predecessor-version":[{"id":41,"href":"http:\/\/fatsa3noluasm.com\/index.php?rest_route=\/wp\/v2\/pages\/31\/revisions\/41"}],"wp:attachment":[{"href":"http:\/\/fatsa3noluasm.com\/index.php?rest_route=%2Fwp%2Fv2%2Fmedia&parent=31"}],"curies":[{"name":"wp","href":"https:\/\/api.w.org\/{rel}","templated":true}]}}